{"id":100,"date":"2023-11-17T11:54:30","date_gmt":"2023-11-17T10:54:30","guid":{"rendered":"https:\/\/fearless-psmoczynskie488de9512.wordpress.com\/?page_id=100"},"modified":"2023-11-17T11:54:30","modified_gmt":"2023-11-17T10:54:30","slug":"oceniamy-stan-infrastruktury","status":"publish","type":"page","link":"https:\/\/ts-group.pl\/index.php\/oceniamy-stan-infrastruktury\/","title":{"rendered":"Oceniamy stan infrastruktury"},"content":{"rendered":"\n<p>Stan techniczny nawierzchni infrastruktury szynowej jest kluczowym elementem wsp\u00f3\u0142pracy uk\u0142adu pojazd-tor. Jako\u015b\u0107 infrastruktury szynowej istotnie wp\u0142ywa na poziom bezpiecze\u0144stwa, czas przejazdu, stan techniczny pojazd\u00f3w, komfort podr\u00f3\u017cy oraz oddzia\u0142ywanie wibroakustyczne na otoczenie. Wpieramy naszych klient\u00f3w z zakresu oceny stanu technicznego infrastruktury szynowej miejskiej i kolejowej, b\u0119d\u0105cej w eksploatacji, jak r\u00f3wnie\u017c w procesie odbioru. Wykorzystywane przez nas narz\u0119dzia pozwalaj\u0105 okre\u015bli\u0107 charakter nier\u00f3wno\u015bci oraz zu\u017cycia element\u00f3w rusztu torowego.<\/p>\n\n\n\n<p>Do pe\u0142nej oceny stanu technicznego mo\u017cliwe jest r\u00f3wnie\u017c wykorzystanie wynik\u00f3w pomiar\u00f3w odpowiedzi dynamicznej pojazd\u00f3w eksploatowanych. Zastosowana metodyka pozwala na ocen\u0119 komfortu i bezpiecze\u0144stwa jazdy pojazdu na torze o znanym charakterze nier\u00f3wno\u015bci. Autorskie algorytmy analizy wynik\u00f3w umo\u017cliwiaj\u0105 wykonanie prognozy rozwoju uszkodze\u0144 i nier\u00f3wno\u015bci. Ponadto pomiary akustyczne pozwalaj\u0105 na okre\u015blenie emisji ha\u0142asu tocznego pojazd\u00f3w oraz ocen\u0119 zasadno\u015bci stosowania zabieg\u00f3w szlifowania.<\/p>\n","protected":false},"excerpt":{"rendered":"<p>Stan techniczny nawierzchni infrastruktury szynowej jest kluczowym elementem wsp\u00f3\u0142pracy uk\u0142adu pojazd-tor. Jako\u015b\u0107 infrastruktury szynowej istotnie wp\u0142ywa na poziom bezpiecze\u0144stwa, czas przejazdu, stan techniczny pojazd\u00f3w, komfort podr\u00f3\u017cy oraz oddzia\u0142ywanie wibroakustyczne na otoczenie. Wpieramy naszych klient\u00f3w z zakresu oceny stanu technicznego infrastruktury szynowej miejskiej i kolejowej, b\u0119d\u0105cej w eksploatacji, jak r\u00f3wnie\u017c w procesie odbioru. Wykorzystywane przez nas [&hellip;]<\/p>\n","protected":false},"author":1,"featured_media":0,"parent":0,"menu_order":0,"comment_status":"closed","ping_status":"closed","template":"","meta":{"footnotes":""},"class_list":["post-100","page","type-page","status-publish","hentry"],"_links":{"self":[{"href":"https:\/\/ts-group.pl\/index.php\/wp-json\/wp\/v2\/pages\/100","targetHints":{"allow":["GET"]}}],"collection":[{"href":"https:\/\/ts-group.pl\/index.php\/wp-json\/wp\/v2\/pages"}],"about":[{"href":"https:\/\/ts-group.pl\/index.php\/wp-json\/wp\/v2\/types\/page"}],"author":[{"embeddable":true,"href":"https:\/\/ts-group.pl\/index.php\/wp-json\/wp\/v2\/users\/1"}],"replies":[{"embeddable":true,"href":"https:\/\/ts-group.pl\/index.php\/wp-json\/wp\/v2\/comments?post=100"}],"version-history":[{"count":0,"href":"https:\/\/ts-group.pl\/index.php\/wp-json\/wp\/v2\/pages\/100\/revisions"}],"wp:attachment":[{"href":"https:\/\/ts-group.pl\/index.php\/wp-json\/wp\/v2\/media?parent=100"}],"curies":[{"name":"wp","href":"https:\/\/api.w.org\/{rel}","templated":true}]}}