{"id":102,"date":"2023-11-17T11:55:11","date_gmt":"2023-11-17T10:55:11","guid":{"rendered":"https:\/\/fearless-psmoczynskie488de9512.wordpress.com\/?page_id=102"},"modified":"2023-11-17T11:55:11","modified_gmt":"2023-11-17T10:55:11","slug":"pomagamy-zarzadzac-ryzykiem","status":"publish","type":"page","link":"https:\/\/ts-group.pl\/index.php\/pomagamy-zarzadzac-ryzykiem\/","title":{"rendered":"Pomagamy zarz\u0105dza\u0107 ryzykiem"},"content":{"rendered":"\n<p>Wspieramy podmioty rynku kolejowego Polski i innych pa\u0144stw cz\u0142onkowskich UE we wprowadzaniu zmian do systemu kolejowego w oparciu o rozporz\u0105dzenie 402\/2013 (CSM RA). Pomagamy w podejmowaniu decyzji o znaczeniu zmiany. Tworzymy ca\u0142o\u015bciowe dowody bezpiecze\u0144stwa dla projekt\u00f3w krajowych i mi\u0119dzynarodowych w rozumieniu \u201ezmiany znacz\u0105cej\u201d zgodnie z rozporz\u0105dzeniem 402\/2013WE. Dla zmian znacz\u0105cych, moderujemy sesje identyfikacji zagro\u017ce\u0144, wykorzystuj\u0105c w tym celu zar\u00f3wno metody standardowe (FMEA, FTA), jak i dedykowane rozwi\u0105zania autorskie. Pomagamy w szacowaniu i ocenie ryzyka, tworzymy rejestry zagro\u017ce\u0144 i komplet dokument\u00f3w niezb\u0119dnych do przedstawienia jednostce oceniaj\u0105cej (AsBo).<\/p>\n\n\n\n<p>Ponadto oferujemy tak\u017ce inne us\u0142ugi zwi\u0105zane z bezpiecze\u0144stwem:<\/p>\n\n\n\n<ul class=\"wp-block-list\">\n<li>Weryfikacja i aktualizacja dokumentacji systemu zarz\u0105dzania bezpiecze\u0144stwem (SMS)<\/li>\n\n\n\n<li>Weryfikacja i aktualizacja dokumentacji systemu zarz\u0105dzania utrzymaniem (MMS)<\/li>\n\n\n\n<li>Wsparcie przy analizach rodzaj\u00f3w i skutk\u00f3w mo\u017cliwych b\u0142\u0119d\u00f3w (FMEA) oraz analizy drzewa b\u0142\u0119d\u00f3w (FTA)<\/li>\n\n\n\n<li>Wsparcie przy analizach niezawodno\u015bciowych obiekt\u00f3w technicznych analizy RAMS i LCC.<\/li>\n<\/ul>\n","protected":false},"excerpt":{"rendered":"<p>Wspieramy podmioty rynku kolejowego Polski i innych pa\u0144stw cz\u0142onkowskich UE we wprowadzaniu zmian do systemu kolejowego w oparciu o rozporz\u0105dzenie 402\/2013 (CSM RA). Pomagamy w podejmowaniu decyzji o znaczeniu zmiany. Tworzymy ca\u0142o\u015bciowe dowody bezpiecze\u0144stwa dla projekt\u00f3w krajowych i mi\u0119dzynarodowych w rozumieniu \u201ezmiany znacz\u0105cej\u201d zgodnie z rozporz\u0105dzeniem 402\/2013WE. Dla zmian znacz\u0105cych, moderujemy sesje identyfikacji zagro\u017ce\u0144, wykorzystuj\u0105c [&hellip;]<\/p>\n","protected":false},"author":1,"featured_media":0,"parent":0,"menu_order":0,"comment_status":"closed","ping_status":"closed","template":"","meta":{"footnotes":""},"class_list":["post-102","page","type-page","status-publish","hentry"],"_links":{"self":[{"href":"https:\/\/ts-group.pl\/index.php\/wp-json\/wp\/v2\/pages\/102","targetHints":{"allow":["GET"]}}],"collection":[{"href":"https:\/\/ts-group.pl\/index.php\/wp-json\/wp\/v2\/pages"}],"about":[{"href":"https:\/\/ts-group.pl\/index.php\/wp-json\/wp\/v2\/types\/page"}],"author":[{"embeddable":true,"href":"https:\/\/ts-group.pl\/index.php\/wp-json\/wp\/v2\/users\/1"}],"replies":[{"embeddable":true,"href":"https:\/\/ts-group.pl\/index.php\/wp-json\/wp\/v2\/comments?post=102"}],"version-history":[{"count":0,"href":"https:\/\/ts-group.pl\/index.php\/wp-json\/wp\/v2\/pages\/102\/revisions"}],"wp:attachment":[{"href":"https:\/\/ts-group.pl\/index.php\/wp-json\/wp\/v2\/media?parent=102"}],"curies":[{"name":"wp","href":"https:\/\/api.w.org\/{rel}","templated":true}]}}