{"id":164,"date":"2023-11-26T13:57:33","date_gmt":"2023-11-26T13:57:33","guid":{"rendered":"http:\/\/ts-group.pl\/?page_id=164"},"modified":"2023-11-26T13:57:33","modified_gmt":"2023-11-26T13:57:33","slug":"informacje-dotyczace-rozporzadzenia-o-ochronie-danych-osobowych-rodo","status":"publish","type":"page","link":"https:\/\/ts-group.pl\/index.php\/informacje-dotyczace-rozporzadzenia-o-ochronie-danych-osobowych-rodo\/","title":{"rendered":"Informacje dotycz\u0105ce Rozporz\u0105dzenia o ochronie danych osobowych (RODO)"},"content":{"rendered":"\n<ol class=\"wp-block-list\">\n<li>Administratorem danych osobowych jest: TechSolutions Group sp. z o.o. z siedzib\u0105 w Poznaniu<\/li>\n\n\n\n<li>Dane osobowe s\u0105 przetwarzane w zakresie umo\u017cliwiaj\u0105cym:\n<ul class=\"wp-block-list\">\n<li>\u015bwiadczenie us\u0142ug<\/li>\n\n\n\n<li>dochodzenie ewentualnych roszcze\u0144<\/li>\n\n\n\n<li>przetwarzanie danych dla cel\u00f3w podatkowych i rachunkowych wymaganych przepisami prawa.<\/li>\n<\/ul>\n<\/li>\n\n\n\n<li>Dane osobowe mog\u0105 by\u0107 przekazywane podwykonawcom, np. podmiotom \u015bwiadcz\u0105cym dla nas us\u0142ugi drog\u0105 elektroniczn\u0105, dostawcom rozwi\u0105za\u0144 informatycznych, us\u0142ug kurierskich i pocztowych.<\/li>\n\n\n\n<li>Dane osobowe przetwarzane s\u0105 przez okres niezb\u0119dny do realizacji cel\u00f3w wymienionych w punkcie 2 lub do momentu \u017c\u0105dania usuni\u0119cia tych danych.<\/li>\n<\/ol>\n","protected":false},"excerpt":{"rendered":"","protected":false},"author":1,"featured_media":0,"parent":0,"menu_order":0,"comment_status":"closed","ping_status":"closed","template":"","meta":{"footnotes":""},"class_list":["post-164","page","type-page","status-publish","hentry"],"_links":{"self":[{"href":"https:\/\/ts-group.pl\/index.php\/wp-json\/wp\/v2\/pages\/164","targetHints":{"allow":["GET"]}}],"collection":[{"href":"https:\/\/ts-group.pl\/index.php\/wp-json\/wp\/v2\/pages"}],"about":[{"href":"https:\/\/ts-group.pl\/index.php\/wp-json\/wp\/v2\/types\/page"}],"author":[{"embeddable":true,"href":"https:\/\/ts-group.pl\/index.php\/wp-json\/wp\/v2\/users\/1"}],"replies":[{"embeddable":true,"href":"https:\/\/ts-group.pl\/index.php\/wp-json\/wp\/v2\/comments?post=164"}],"version-history":[{"count":1,"href":"https:\/\/ts-group.pl\/index.php\/wp-json\/wp\/v2\/pages\/164\/revisions"}],"predecessor-version":[{"id":165,"href":"https:\/\/ts-group.pl\/index.php\/wp-json\/wp\/v2\/pages\/164\/revisions\/165"}],"wp:attachment":[{"href":"https:\/\/ts-group.pl\/index.php\/wp-json\/wp\/v2\/media?parent=164"}],"curies":[{"name":"wp","href":"https:\/\/api.w.org\/{rel}","templated":true}]}}