{"id":22,"date":"2023-10-26T23:10:54","date_gmt":"2023-10-26T21:10:54","guid":{"rendered":"https:\/\/fearless-psmoczynskie488de9512.wordpress.com\/?page_id=22"},"modified":"2023-11-29T12:05:50","modified_gmt":"2023-11-29T12:05:50","slug":"o-nas","status":"publish","type":"page","link":"https:\/\/ts-group.pl\/index.php\/o-nas\/","title":{"rendered":"Kim jeste\u015bmy?"},"content":{"rendered":"\n<p>TechSolutions Group sp. z o.o. jest sp\u00f3\u0142k\u0105 za\u0142o\u017con\u0105 w roku 2013 przez grup\u0119 naukowc\u00f3w z Politechniki Pozna\u0144skiej. Od pocz\u0105tku swojej dzia\u0142alno\u015bci specjalizujemy si\u0119 w zakresie in\u017cynierii mechanicznej pojazd\u00f3w szynowych, koncentruj\u0105c nasze wysi\u0142ki na wszystkich aspektach zwi\u0105zanych z taborem \u2013 od pojedynczych komponent\u00f3w do ca\u0142ych pojazd\u00f3w. Zajmujemy si\u0119 zagadnieniami zwi\u0105zanymi zar\u00f3wno z pojazdami kolejowymi, jak r\u00f3wnie\u017c miejskimi pojazdami szynowymi.<\/p>\n\n\n\n<p>Nasz\u0105 misj\u0105 jest wspieranie naszych Klient\u00f3w w ca\u0142ym cyklu \u017cycia pojazdu \u2013 od koncepcji, przez produkcj\u0119 a\u017c do eksploatacji. Pomagamy zmniejszy\u0107 koszty produkcji, poprawi\u0107 jako\u015b\u0107 produkt\u00f3w, a tak\u017ce u\u0142atwiamy nowym graczom wej\u015bcie na rynek.<\/p>\n\n\n\n<p>Nasz zesp\u00f3\u0142 sk\u0142ada si\u0119 z do\u015bwiadczonych oraz wielodziedzinowych specjalist\u00f3w, dzi\u0119ki czemu charakteryzujemy si\u0119 elastyczno\u015bci\u0105 oraz indywidualnym i sprecyzowanym podej\u015bciem do ka\u017cdego problemu. Wsp\u00f3\u0142pracujemy r\u00f3wnie\u017c z wieloma jednostkami naukowymi i badawczymi w kraju i za granic\u0105.<\/p>\n\n\n\n<p>Jednym z g\u0142\u00f3wnych obszar\u00f3w naszej dzia\u0142alno\u015bci, jest projektowanie podzespo\u0142\u00f3w oraz ca\u0142ych pojazd\u00f3w szynowych. Nasze biuro konstrukcyjne sk\u0142ada si\u0119 do\u015bwiadczonej kadry in\u017cynierskiej, kt\u00f3ra nie boi si\u0119 nowych wyzwa\u0144. Ponadto posiadamy bogate do\u015bwiadczenie w przeprowadzaniu bada\u0144 eksploatacyjnych, analizie wsp\u00f3\u0142pracy pojazdu z torem oraz obni\u017caniem i optymalizacj\u0105 drga\u0144 i ha\u0142asu, b\u0119d\u0105cych cz\u0119\u015bci\u0105 procesu odbiorczego pojazd\u00f3w.<\/p>\n\n\n\n<p>Ponadto realizujemy wdro\u017cenia dokumentacji technicznej pojazd\u00f3w, jak DSU, DTR, WTWiO \u2013 zar\u00f3wno dla nowych pojazd\u00f3w, jak i w przypadku ich polonizacji lub modernizacji. Naszych klient\u00f3w wspomagamy tak\u017ce w procesie uzyskiwania zezwolenia na wprowadzenie do obrotu pojazdu kolejowego oraz podczas zarz\u0105dzania zmian\u0105 zgodnie z rozporz\u0105dzeniem CSM RA.<\/p>\n\n\n\n<p>Nasza wiedza i do\u015bwiadczenie, zebrane w wielu projektach krajowych i mi\u0119dzynarodowych, umo\u017cliwia nam \u015bwiadczenie us\u0142ug w spos\u00f3b rzetelny i kompetentny. W naszych dzia\u0142aniach jeste\u015bmy jako partner niezale\u017cni i neutralni.<\/p>\n","protected":false},"excerpt":{"rendered":"<p>TechSolutions Group sp. z o.o. jest sp\u00f3\u0142k\u0105 za\u0142o\u017con\u0105 w roku 2013 przez grup\u0119 naukowc\u00f3w z Politechniki Pozna\u0144skiej. Od pocz\u0105tku swojej dzia\u0142alno\u015bci specjalizujemy si\u0119 w zakresie in\u017cynierii mechanicznej pojazd\u00f3w szynowych, koncentruj\u0105c nasze wysi\u0142ki na wszystkich aspektach zwi\u0105zanych z taborem \u2013 od pojedynczych komponent\u00f3w do ca\u0142ych pojazd\u00f3w. Zajmujemy si\u0119 zagadnieniami zwi\u0105zanymi zar\u00f3wno z pojazdami kolejowymi, jak r\u00f3wnie\u017c [&hellip;]<\/p>\n","protected":false},"author":1,"featured_media":0,"parent":0,"menu_order":0,"comment_status":"closed","ping_status":"closed","template":"","meta":{"footnotes":""},"class_list":["post-22","page","type-page","status-publish","hentry"],"_links":{"self":[{"href":"https:\/\/ts-group.pl\/index.php\/wp-json\/wp\/v2\/pages\/22","targetHints":{"allow":["GET"]}}],"collection":[{"href":"https:\/\/ts-group.pl\/index.php\/wp-json\/wp\/v2\/pages"}],"about":[{"href":"https:\/\/ts-group.pl\/index.php\/wp-json\/wp\/v2\/types\/page"}],"author":[{"embeddable":true,"href":"https:\/\/ts-group.pl\/index.php\/wp-json\/wp\/v2\/users\/1"}],"replies":[{"embeddable":true,"href":"https:\/\/ts-group.pl\/index.php\/wp-json\/wp\/v2\/comments?post=22"}],"version-history":[{"count":1,"href":"https:\/\/ts-group.pl\/index.php\/wp-json\/wp\/v2\/pages\/22\/revisions"}],"predecessor-version":[{"id":174,"href":"https:\/\/ts-group.pl\/index.php\/wp-json\/wp\/v2\/pages\/22\/revisions\/174"}],"wp:attachment":[{"href":"https:\/\/ts-group.pl\/index.php\/wp-json\/wp\/v2\/media?parent=22"}],"curies":[{"name":"wp","href":"https:\/\/api.w.org\/{rel}","templated":true}]}}