{"id":54,"date":"2023-10-29T16:22:39","date_gmt":"2023-10-29T15:22:39","guid":{"rendered":"https:\/\/fearless-psmoczynskie488de9512.wordpress.com\/?page_id=54"},"modified":"2024-02-12T10:27:58","modified_gmt":"2024-02-12T10:27:58","slug":"projektujemy-fragmenty-pojazdow","status":"publish","type":"page","link":"https:\/\/ts-group.pl\/index.php\/projektujemy-fragmenty-pojazdow\/","title":{"rendered":"Projektujemy pojazdy szynowe"},"content":{"rendered":"\n<p>Projektowanie pojazd\u00f3w szynowych jest z\u0142o\u017conym procesem tworzenia modelu na podstawie za\u0142o\u017ce\u0144 projektowych opracowywanych wraz z klientem. Integracja techniczna pojedynczych element\u00f3w, podzespo\u0142\u00f3w oraz podsystem\u00f3w przeprowadzana przez zesp\u00f3\u0142 TechSolutions Group sp. z o.o. oparta jest o wieloletnie praktyczne do\u015bwiadczenie bran\u017cowe, co pozwala w odpowiedni spos\u00f3b zarz\u0105dza\u0107 interfejsami poszczeg\u00f3lnych element\u00f3w. Nowoczesne podej\u015bcie do procesu projektowania i zarz\u0105dzania projektem pozwala na elastyczne i indywidualne podej\u015bcie do ka\u017cdego klienta, a przez to wdro\u017cenie pomys\u0142\u00f3w klienta do klarownie opracowanej dokumentacji technicznej. <\/p>\n\n\n\n<p>Oferujemy wsp\u00f3\u0142prac\u0119 w nast\u0119puj\u0105cych obszarach:<\/p>\n\n\n\n<ul class=\"wp-block-list\">\n<li>Koncepcja techniczna od pojedynczych element\u00f3w do kompletnych maszyn<\/li>\n\n\n\n<li>Projektowanie od pocz\u0105tkowych szkic\u00f3w do wykonawczej dokumentacji technicznej. Tworzymy modele tr\u00f3jwymiarowe, rysunki cz\u0119\u015bci, rysunki monta\u017cowe, instrukcje produkcyjne i pomiarowe, instrukcje i opisy techniczne, szczeg\u00f3\u0142owe specyfikacje techniczne<\/li>\n\n\n\n<li>Wsparcie i konsultacje w zakresie konstrukcji mechanicznych.<\/li>\n<\/ul>\n\n\n\n<p>Specjalizujemy si\u0119 w projektowaniu takich element\u00f3w pojazd\u00f3w jak uk\u0142ady biegowe, uk\u0142ady uspr\u0119\u017cynowania, konstrukcja i zarys pud\u0142a pojazdu, skrajnia pojazdu, wyposa\u017cenie wn\u0119trza, po\u0142\u0105cze\u0144 elektrycznych w tym wi\u0105zki, z wykorzystaniem najnowszych program\u00f3w in\u017cynierskich, modernizacji istniej\u0105cych instalacji, a tak\u017ce rozmieszczenie element\u00f3w pozosta\u0142ych uk\u0142ad\u00f3w w poje\u017adzie. Wykorzystujemy najnowsze pakiety CAD, wspomagaj\u0105c si\u0119 w pracach narz\u0119dziami CAE.<br>Projekty tworzymy z uwzgl\u0119dnieniem najnowszych standard\u00f3w europejskich m in. karty UIC, TSI oraz norm bran\u017cowych.<br>Proces projektowania prowadzimy z uwzgl\u0119dnieniem zasad konstruowania w celu uzyskania funkcjonalno\u015bci, niezawodno\u015bci, trwa\u0142o\u015bci i wysokiej sprawno\u015bci konstrukcji przy zachowaniu mo\u017cliwe jak najni\u017cszej masy.<\/p>\n","protected":false},"excerpt":{"rendered":"<p>Projektowanie pojazd\u00f3w szynowych jest z\u0142o\u017conym procesem tworzenia modelu na podstawie za\u0142o\u017ce\u0144 projektowych opracowywanych wraz z klientem. Integracja techniczna pojedynczych element\u00f3w, podzespo\u0142\u00f3w oraz podsystem\u00f3w przeprowadzana przez zesp\u00f3\u0142 TechSolutions Group sp. z o.o. oparta jest o wieloletnie praktyczne do\u015bwiadczenie bran\u017cowe, co pozwala w odpowiedni spos\u00f3b zarz\u0105dza\u0107 interfejsami poszczeg\u00f3lnych element\u00f3w. Nowoczesne podej\u015bcie do procesu projektowania i zarz\u0105dzania projektem [&hellip;]<\/p>\n","protected":false},"author":1,"featured_media":0,"parent":0,"menu_order":0,"comment_status":"closed","ping_status":"closed","template":"","meta":{"footnotes":""},"class_list":["post-54","page","type-page","status-publish","hentry"],"_links":{"self":[{"href":"https:\/\/ts-group.pl\/index.php\/wp-json\/wp\/v2\/pages\/54","targetHints":{"allow":["GET"]}}],"collection":[{"href":"https:\/\/ts-group.pl\/index.php\/wp-json\/wp\/v2\/pages"}],"about":[{"href":"https:\/\/ts-group.pl\/index.php\/wp-json\/wp\/v2\/types\/page"}],"author":[{"embeddable":true,"href":"https:\/\/ts-group.pl\/index.php\/wp-json\/wp\/v2\/users\/1"}],"replies":[{"embeddable":true,"href":"https:\/\/ts-group.pl\/index.php\/wp-json\/wp\/v2\/comments?post=54"}],"version-history":[{"count":1,"href":"https:\/\/ts-group.pl\/index.php\/wp-json\/wp\/v2\/pages\/54\/revisions"}],"predecessor-version":[{"id":208,"href":"https:\/\/ts-group.pl\/index.php\/wp-json\/wp\/v2\/pages\/54\/revisions\/208"}],"wp:attachment":[{"href":"https:\/\/ts-group.pl\/index.php\/wp-json\/wp\/v2\/media?parent=54"}],"curies":[{"name":"wp","href":"https:\/\/api.w.org\/{rel}","templated":true}]}}