{"id":66,"date":"2023-10-29T16:33:50","date_gmt":"2023-10-29T15:33:50","guid":{"rendered":"https:\/\/fearless-psmoczynskie488de9512.wordpress.com\/?page_id=66"},"modified":"2023-10-29T16:33:50","modified_gmt":"2023-10-29T15:33:50","slug":"wzmocnienie-potencjalu-techsolutions-group","status":"publish","type":"page","link":"https:\/\/ts-group.pl\/index.php\/wzmocnienie-potencjalu-techsolutions-group\/","title":{"rendered":"Wzmocnienie potencja\u0142u TechSolutions Group"},"content":{"rendered":"\n<p>Wzmocnienie potencja\u0142u TechSolutions Group sp. z o.o. przez opracowanie i wdro\u017cenie odmiejscowionej adaptywnej diagnostyki kolejowego taboru szynowego.<\/p>\n\n\n\n<p>Projekt realizowany w ramach Wielkopolskiego Regionalnego Programu Operacyjnego, O\u015b Priorytetowa 1 INNOWACYJNA I KONKURENCYJNA GOSPODARKA, Dzia\u0142anie 1.2 Wzmocnienie potencja\u0142u innowacyjnego przedsi\u0119biorstw Wielkopolski, wsp\u00f3\u0142finansowanego przez Uni\u0119 Europejsk\u0105 w ramach Europejskiego Funduszu Rozwoju Regionalnego<\/p>\n\n\n\n<p>Celem Projektu jest wzmocnienie potencja\u0142u Wnioskodawcy przez opracowanie i wdro\u017cenie odmiejscowionej adaptywnej diagnostyki stanu technicznego kolejowego taboru szynowego. Produktem Projektu b\u0119dzie nowa innowacyjna specjalistyczna us\u0142uga diagnostyki kolejowych pojazd\u00f3w taboru szynowego. Planowany zakres diagnostyki pojazd\u00f3w taboru kolejowego obejmuje badania oraz rejestracj\u0119 oddzia\u0142ywa\u0144 mechanicznych, akustycznych (wibroakustyka) i pomiary temperatury element\u00f3w konstrukcyjnych uk\u0142adu biegowego tych pojazd\u00f3w i element\u00f3w wp\u0142ywaj\u0105cych na komfort oraz bezpiecze\u0144stwo jazdy a tak\u017ce interakcj\u0119 tego uk\u0142adu i ca\u0142ego pojazdu szynowego z drog\u0105 szynow\u0105.<\/p>\n\n\n\n<p>Istot\u0105 Projektu jest wytworzenie unikalnego w skali Europy, nowatorskiego rozwi\u0105zania dla diagnozowania i monitorowania sprawno\u015bci technicznej kolejowych pojazd\u00f3w szynowych (pojazdy towarowe, pasa\u017cerskie, lokomotywy) umo\u017cliwiaj\u0105cego badanie stanu technicznego, wczesne wykrywanie usterek i dynamicznych czynnik\u00f3w wyst\u0119powania defekt\u00f3w zwi\u0119kszaj\u0105c bezpiecze\u0144stwo eksploatacji bez konieczno\u015bci wy\u0142\u0105czania tych pojazd\u00f3w z eksploatacji. Takie rozwi\u0105zanie zmniejsza koszty utrzymania taboru szynowego, a przypadku pojazd\u00f3w pasa\u017cerskich istotnie wp\u0142ywa na zwi\u0119kszenie komfortu podr\u00f3\u017cy.<\/p>\n\n\n\n<figure class=\"wp-block-image size-large\"><img loading=\"lazy\" decoding=\"async\" width=\"1799\" height=\"1260\" src=\"https:\/\/ts-group.pl\/wp-content\/uploads\/2023\/10\/potencial-eu.png?w=1024\" alt=\"\" class=\"wp-image-68\" srcset=\"https:\/\/ts-group.pl\/wp-content\/uploads\/2023\/10\/potencial-eu.png 1799w, https:\/\/ts-group.pl\/wp-content\/uploads\/2023\/10\/potencial-eu-300x210.png 300w, https:\/\/ts-group.pl\/wp-content\/uploads\/2023\/10\/potencial-eu-1024x717.png 1024w, https:\/\/ts-group.pl\/wp-content\/uploads\/2023\/10\/potencial-eu-768x538.png 768w, https:\/\/ts-group.pl\/wp-content\/uploads\/2023\/10\/potencial-eu-1536x1076.png 1536w\" sizes=\"auto, (max-width: 1799px) 100vw, 1799px\" \/><\/figure>\n","protected":false},"excerpt":{"rendered":"<p>Wzmocnienie potencja\u0142u TechSolutions Group sp. z o.o. przez opracowanie i wdro\u017cenie odmiejscowionej adaptywnej diagnostyki kolejowego taboru szynowego. Projekt realizowany w ramach Wielkopolskiego Regionalnego Programu Operacyjnego, O\u015b Priorytetowa 1 INNOWACYJNA I KONKURENCYJNA GOSPODARKA, Dzia\u0142anie 1.2 Wzmocnienie potencja\u0142u innowacyjnego przedsi\u0119biorstw Wielkopolski, wsp\u00f3\u0142finansowanego przez Uni\u0119 Europejsk\u0105 w ramach Europejskiego Funduszu Rozwoju Regionalnego Celem Projektu jest wzmocnienie potencja\u0142u Wnioskodawcy [&hellip;]<\/p>\n","protected":false},"author":1,"featured_media":0,"parent":0,"menu_order":0,"comment_status":"closed","ping_status":"closed","template":"","meta":{"footnotes":""},"class_list":["post-66","page","type-page","status-publish","hentry"],"_links":{"self":[{"href":"https:\/\/ts-group.pl\/index.php\/wp-json\/wp\/v2\/pages\/66","targetHints":{"allow":["GET"]}}],"collection":[{"href":"https:\/\/ts-group.pl\/index.php\/wp-json\/wp\/v2\/pages"}],"about":[{"href":"https:\/\/ts-group.pl\/index.php\/wp-json\/wp\/v2\/types\/page"}],"author":[{"embeddable":true,"href":"https:\/\/ts-group.pl\/index.php\/wp-json\/wp\/v2\/users\/1"}],"replies":[{"embeddable":true,"href":"https:\/\/ts-group.pl\/index.php\/wp-json\/wp\/v2\/comments?post=66"}],"version-history":[{"count":0,"href":"https:\/\/ts-group.pl\/index.php\/wp-json\/wp\/v2\/pages\/66\/revisions"}],"wp:attachment":[{"href":"https:\/\/ts-group.pl\/index.php\/wp-json\/wp\/v2\/media?parent=66"}],"curies":[{"name":"wp","href":"https:\/\/api.w.org\/{rel}","templated":true}]}}