{"id":88,"date":"2023-11-17T11:46:57","date_gmt":"2023-11-17T10:46:57","guid":{"rendered":"https:\/\/fearless-psmoczynskie488de9512.wordpress.com\/?page_id=88"},"modified":"2023-11-17T11:46:57","modified_gmt":"2023-11-17T10:46:57","slug":"wykonujemy-symulacje-dynamiki","status":"publish","type":"page","link":"https:\/\/ts-group.pl\/index.php\/wykonujemy-symulacje-dynamiki\/","title":{"rendered":"Wykonujemy symulacje dynamiki"},"content":{"rendered":"\n<p>Symulacje dynamiki pojazdu pozwalaj\u0105 analizowa\u0107 zachowanie pojazdu na torze w warunkach cz\u0119sto niedost\u0119pnych lub trudnych do uzyskania w rzeczywisto\u015bci, z wykolejeniem pojazdu w\u0142\u0105cznie. Mo\u017cliwa jest zar\u00f3wno analiza w skali makro (drgania ca\u0142ego pojazdu lub jego komponent\u00f3w) lub w skali mikro (np. szczeg\u00f3\u0142owa analiza wsp\u00f3\u0142pracy ko\u0142a z szyn\u0105). Analizie podlegaj\u0105 w\u0142asno\u015bci biegowe pojazdu, takie jak spokojno\u015b\u0107 biegu czy te\u017c bezpiecze\u0144stwo przed wykolejeniem, komfort jazdy, a tak\u017ce wszystkie inne zjawiska wyst\u0119puj\u0105ce podczas jazdy. Analizujemy odpowied\u017a pojazdu na wymuszenia od toru, oddzia\u0142ywanie dynamiczne pojazdu na tor, czy te\u017c si\u0142y wyst\u0119puj\u0105ce w poszczeg\u00f3lnych w\u0119z\u0142ach konstrukcji, optymalizuj\u0105c parametry pojazdu celem nadania mu po\u017c\u0105danych w\u0142asno\u015bci.<\/p>\n\n\n\n<p>Szczeg\u00f3\u0142owej analizie podlegaj\u0105:<\/p>\n\n\n\n<ul class=\"wp-block-list\">\n<li>Wsp\u00f3\u0142praca pojazdu z torem w aspekcie optymalizacji si\u0142 wzajemnego oddzia\u0142ywania<\/li>\n\n\n\n<li>Ocena i optymalizacja konstrukcji zar\u00f3wno w\u00f3zk\u00f3w jak i ca\u0142ych pojazd\u00f3w w aspekcie poprawy w\u0142asno\u015bci biegowych, takich jak spokojno\u015b\u0107 biegu czy bezpiecze\u0144stwo przed wykolejeniem<\/li>\n\n\n\n<li>Analiza drga\u0144 skr\u0119tnych w uk\u0142adach nap\u0119dowych pojazdu oraz ich wp\u0142ywu na wsp\u00f3\u0142prac\u0119 ko\u0142a i szyny<\/li>\n\n\n\n<li>Wyznaczenie skrajni kinematycznej i dynamicznej pojazdu w okre\u015blonych warunkach ruchu<\/li>\n\n\n\n<li>Wyznaczenie si\u0142 wzd\u0142u\u017cnych wyst\u0119puj\u0105cych w pojazdach oraz okre\u015blenie ich wp\u0142ywu na bezpiecze\u0144stwo jazdy<\/li>\n\n\n\n<li>Analiza drga\u0144 wzd\u0142u\u017cnych i poprzecznych oraz ich wp\u0142ywu na komfort jazdy<\/li>\n\n\n\n<li>Dopasowanie profilu ko\u0142a i szyny I optymalizacja ich wzajemnej wsp\u00f3\u0142pracy<\/li>\n\n\n\n<li>Dynamika strukturalna w aspekcie redukcji niepo\u017c\u0105danych cz\u0119stotliwo\u015bci drga\u0144.<\/li>\n<\/ul>\n\n\n\n<p><\/p>\n","protected":false},"excerpt":{"rendered":"<p>Symulacje dynamiki pojazdu pozwalaj\u0105 analizowa\u0107 zachowanie pojazdu na torze w warunkach cz\u0119sto niedost\u0119pnych lub trudnych do uzyskania w rzeczywisto\u015bci, z wykolejeniem pojazdu w\u0142\u0105cznie. Mo\u017cliwa jest zar\u00f3wno analiza w skali makro (drgania ca\u0142ego pojazdu lub jego komponent\u00f3w) lub w skali mikro (np. szczeg\u00f3\u0142owa analiza wsp\u00f3\u0142pracy ko\u0142a z szyn\u0105). Analizie podlegaj\u0105 w\u0142asno\u015bci biegowe pojazdu, takie jak spokojno\u015b\u0107 [&hellip;]<\/p>\n","protected":false},"author":1,"featured_media":0,"parent":0,"menu_order":0,"comment_status":"closed","ping_status":"closed","template":"","meta":{"footnotes":""},"class_list":["post-88","page","type-page","status-publish","hentry"],"_links":{"self":[{"href":"https:\/\/ts-group.pl\/index.php\/wp-json\/wp\/v2\/pages\/88","targetHints":{"allow":["GET"]}}],"collection":[{"href":"https:\/\/ts-group.pl\/index.php\/wp-json\/wp\/v2\/pages"}],"about":[{"href":"https:\/\/ts-group.pl\/index.php\/wp-json\/wp\/v2\/types\/page"}],"author":[{"embeddable":true,"href":"https:\/\/ts-group.pl\/index.php\/wp-json\/wp\/v2\/users\/1"}],"replies":[{"embeddable":true,"href":"https:\/\/ts-group.pl\/index.php\/wp-json\/wp\/v2\/comments?post=88"}],"version-history":[{"count":0,"href":"https:\/\/ts-group.pl\/index.php\/wp-json\/wp\/v2\/pages\/88\/revisions"}],"wp:attachment":[{"href":"https:\/\/ts-group.pl\/index.php\/wp-json\/wp\/v2\/media?parent=88"}],"curies":[{"name":"wp","href":"https:\/\/api.w.org\/{rel}","templated":true}]}}