{"id":94,"date":"2023-11-17T11:52:22","date_gmt":"2023-11-17T10:52:22","guid":{"rendered":"https:\/\/fearless-psmoczynskie488de9512.wordpress.com\/?page_id=94"},"modified":"2024-02-12T11:37:42","modified_gmt":"2024-02-12T11:37:42","slug":"znamy-sie-na-halasie-i-drganiach","status":"publish","type":"page","link":"https:\/\/ts-group.pl\/index.php\/znamy-sie-na-halasie-i-drganiach\/","title":{"rendered":"Zarz\u0105dzanie bezpiecze\u0144stwem w UE"},"content":{"rendered":"\n<p>Szkolenie: Zarz\u0105dzanie bezpiecze\u0144stwem w transporcie kolejowym Unii Europejskiej<\/p>\n\n\n\n<p><strong>Szkolenie w zakresie bezpiecze\u0144stwa zosta\u0142o pomy\u015blnie ocenione przez Agencj\u0119 Kolejow\u0105 Unii Europejskiej (ERA) w ramach pilota\u017cowego programu kwalifikacji (2024).<\/strong><\/p>\n\n\n\n<p>Szkolenie opiera si\u0119 na prawodawstwie Unii Europejskiej w sektorze kolejowym. Obejmuje kontekst instytucjonalny oraz nast\u0119puj\u0105ce tematy i narz\u0119dzia: <br>&#8211; Systemy Zarz\u0105dzania Bezpiecze\u0144stwem (SMS);<br>&#8211; zarz\u0105dzanie Zmian\u0105 i System Zarz\u0105dzania Utrzymaniem (MMS); <br>&#8211; rejestry i bazy danych; <br>Celem szkolenia jest poznanie i zrozumienie obowi\u0105zuj\u0105cych zapis\u00f3w pranych przez nowych praktyk\u00f3w bezpiecze\u0144stwa kolejowego.<\/p>\n","protected":false},"excerpt":{"rendered":"<p>Szkolenie: Zarz\u0105dzanie bezpiecze\u0144stwem w transporcie kolejowym Unii Europejskiej Szkolenie w zakresie bezpiecze\u0144stwa zosta\u0142o pomy\u015blnie ocenione przez Agencj\u0119 Kolejow\u0105 Unii Europejskiej (ERA) w ramach pilota\u017cowego programu kwalifikacji (2024). Szkolenie opiera si\u0119 na prawodawstwie Unii Europejskiej w sektorze kolejowym. Obejmuje kontekst instytucjonalny oraz nast\u0119puj\u0105ce tematy i narz\u0119dzia: &#8211; Systemy Zarz\u0105dzania Bezpiecze\u0144stwem (SMS);&#8211; zarz\u0105dzanie Zmian\u0105 i System Zarz\u0105dzania [&hellip;]<\/p>\n","protected":false},"author":1,"featured_media":0,"parent":0,"menu_order":0,"comment_status":"closed","ping_status":"closed","template":"","meta":{"footnotes":""},"class_list":["post-94","page","type-page","status-publish","hentry"],"_links":{"self":[{"href":"https:\/\/ts-group.pl\/index.php\/wp-json\/wp\/v2\/pages\/94","targetHints":{"allow":["GET"]}}],"collection":[{"href":"https:\/\/ts-group.pl\/index.php\/wp-json\/wp\/v2\/pages"}],"about":[{"href":"https:\/\/ts-group.pl\/index.php\/wp-json\/wp\/v2\/types\/page"}],"author":[{"embeddable":true,"href":"https:\/\/ts-group.pl\/index.php\/wp-json\/wp\/v2\/users\/1"}],"replies":[{"embeddable":true,"href":"https:\/\/ts-group.pl\/index.php\/wp-json\/wp\/v2\/comments?post=94"}],"version-history":[{"count":5,"href":"https:\/\/ts-group.pl\/index.php\/wp-json\/wp\/v2\/pages\/94\/revisions"}],"predecessor-version":[{"id":238,"href":"https:\/\/ts-group.pl\/index.php\/wp-json\/wp\/v2\/pages\/94\/revisions\/238"}],"wp:attachment":[{"href":"https:\/\/ts-group.pl\/index.php\/wp-json\/wp\/v2\/media?parent=94"}],"curies":[{"name":"wp","href":"https:\/\/api.w.org\/{rel}","templated":true}]}}